{"id":1,"date":"2019-03-25T09:55:29","date_gmt":"2019-03-25T09:55:29","guid":{"rendered":"http:\/\/maskottchen.co.at.sta253.hubax.at\/?p=1"},"modified":"2025-10-13T09:13:47","modified_gmt":"2025-10-13T07:13:47","slug":"home","status":"publish","type":"page","link":"https:\/\/www.maskottchen.co.at\/","title":{"rendered":"Home"},"content":{"rendered":"<h2>Susi die schlaue Schildkr\u00f6te ist das neue Maskottchen 2025!<\/h2>\n<div>\n<p><strong>Mit Ihrer Spende k\u00f6nnen Sie die wichtige Arbeit der St. Anna Kinderkrebsforschung f\u00f6rdern und dabei sich und anderen eine besondere Freude schenken<\/strong> \ud83d\udc9b<\/p>\n<\/div>\n<p><!--more--><br \/>\n<!-- {\"type\":\"layout\",\"children\":[{\"type\":\"section\",\"props\":{\"header_transparent_noplaceholder\":false,\"image_position\":\"center-center\",\"preserve_color\":false,\"style\":\"default\",\"title_breakpoint\":\"xl\",\"title_position\":\"top-left\",\"title_rotation\":\"left\",\"vertical_align\":\"\",\"width\":\"default\"},\"children\":[{\"type\":\"row\",\"children\":[{\"type\":\"column\",\"props\":{\"image_position\":\"center-center\",\"position_sticky_breakpoint\":\"m\"},\"children\":[{\"type\":\"woo_notices\"}]}]}],\"name\":\"Hero\"},{\"type\":\"section\",\"props\":{\"image_position\":\"center-center\",\"style\":\"default\",\"title_breakpoint\":\"xl\",\"title_position\":\"top-left\",\"title_rotation\":\"left\",\"vertical_align\":\"\",\"width\":\"default\"},\"children\":[{\"type\":\"row\",\"children\":[{\"type\":\"column\",\"props\":{\"image_position\":\"center-center\",\"position_sticky_breakpoint\":\"m\"},\"children\":[{\"type\":\"headline\",\"props\":{\"content\":\"Susi die schlaue Schildkr\\u00f6te ist das neue Maskottchen 2025!\",\"text_align\":\"center\",\"title_element\":\"h2\"}},{\"type\":\"text\",\"props\":{\"column_breakpoint\":\"m\",\"content\":\"\n\n<p><strong>Mit Ihrer Spende k\\u00f6nnen Sie die wichtige Arbeit der St. Anna Kinderkrebsforschung f\\u00f6rdern und dabei sich und anderen eine besondere Freude schenken<\\\/strong> \\ud83d\\udc9b<\\\/p>\",\"margin\":\"default\"}},{\"type\":\"text\",\"props\":{\"column_breakpoint\":\"m\",\"content\":\"\n\n<p>Die kuscheligen Maskottchen sind<span>\\u00a0<\\\/span><span style=\\\"text-decoration: underline;\\\">ein Dankesch\\u00f6n f\\u00fcr Ihre freiwillige Spende<\\\/span>.<br \\\/>(Lieferung solange der Vorrat reicht!)<\\\/p>\",\"margin\":\"default\",\"status\":\"disabled\",\"text_align\":\"center\",\"text_style\":\"lead\"}}]}]},{\"type\":\"row\",\"children\":[{\"type\":\"column\",\"props\":{\"image_position\":\"center-center\",\"position_sticky_breakpoint\":\"m\",\"width_medium\":\"1-1\"},\"children\":[{\"type\":\"woo_products\",\"props\":{\"cat_operator\":\"IN\",\"columns\":3,\"css\":\".products li.product .inner-product {\\n    padding: 40px;\\n    text-align: center;\\n    \\n    background-color: #fff;\\n    color: #262323;\\n    border: 1px solid rgba(38,36,76,.2);\\n    border-top-color: rgba(38, 36, 76, 0.2);\\n    border-top-style: solid;\\n    border-top-width: 1px;\\n    border-right-color: rgba(38, 36, 76, 0.2);\\n    border-right-style: solid;\\n    border-right-width: 1px;\\n    border-bottom-color: rgba(38, 36, 76, 0.2);\\n    border-bottom-style: solid;\\n    border-bottom-width: 1px;\\n    border-left-color: rgba(38, 36, 76, 0.2);\\n    border-left-style: solid;\\n    border-left-width: 1px;\\n    border-image-source: initial;\\n    border-image-slice: initial;\\n    border-image-width: initial;\\n    border-image-outset: initial;\\n    border-image-repeat: initial;\\n}\\n\\n.products li.product .inner-product h2 {\\n    font-size: 28px;\\n\\tline-height: 1.3;\\n    font-family: 'Open Sans';\\n    font-weight: 600;\\n    text-transform: uppercase;\\n}\\n\\n.products li.product .inner-product p {\\n    margin: 0 0 20px 0;\\n\\tfont-size: 18px;\\n    line-height: 1.5;\\n    color: #010101;\\n    font-family: Montserrat;\\n    font-weight: 600;\\n    text-transform: none;\\n    letter-spacing: normal;\\n}\\n\\n.products li.product .inner-product form.cart {\\n    margin-bottom: 0px;\\n}\",\"limit\":99,\"order\":\"desc\",\"orderby\":\"date\",\"paginate\":\"false\",\"product_visibility\":\"visible\",\"show_count\":true,\"show_ordering\":true,\"show_rating\":true,\"show_title\":true,\"tag_operator\":\"IN\",\"terms_operator\":\"IN\",\"type\":\"products\"}}]}]}],\"name\":\"Featured Products\"},{\"type\":\"section\",\"props\":{\"image_position\":\"center-center\",\"status\":\"disabled\",\"style\":\"default\",\"title_breakpoint\":\"xl\",\"title_position\":\"top-left\",\"title_rotation\":\"left\",\"vertical_align\":\"\",\"width\":\"default\"},\"children\":[{\"type\":\"row\",\"props\":{\"column_gap\":\"large\",\"layout\":\"1-2,1-2\"},\"children\":[{\"type\":\"column\",\"props\":{\"image_position\":\"center-center\",\"position_sticky_breakpoint\":\"m\",\"width_medium\":\"1-2\"},\"children\":[{\"type\":\"image\",\"props\":{\"image\":\"wp-content\\\/uploads\\\/2023\\\/11\\\/animal_small.png\",\"image_svg_color\":\"emphasis\",\"margin\":\"default\",\"text_align\":\"center\"}},{\"type\":\"headline\",\"props\":{\"content\":\"Jetzt kleinen Lebensretter holen\",\"title_element\":\"h3\"}},{\"type\":\"text\",\"props\":{\"column_breakpoint\":\"m\",\"content\":\"Die Kuscheligen Maskottchen sind ein Dankesch\\u00f6n f\\u00fcr Ihre freiwillige Spende.\",\"margin\":\"default\"}}]},{\"type\":\"column\",\"props\":{\"image_position\":\"center-center\",\"position_sticky_breakpoint\":\"m\",\"width_medium\":\"1-2\"},\"children\":[{\"type\":\"headline\",\"props\":{\"content\":\"Maskottchen im Warenkorb\",\"title_element\":\"h3\"}},{\"type\":\"module_position\",\"props\":{\"breakpoint\":\"m\",\"content\":\"builder-1\",\"layout\":\"stack\"}}]}]}]}],\"version\":\"4.5.28\"} --><\/p>\n","protected":false},"excerpt":{"rendered":"<p>Susi die schlaue Schildkr\u00f6te ist das neue Maskottchen 2025! Mit Ihrer Spende k\u00f6nnen Sie die wichtige Arbeit der St. Anna Kinderkrebsforschung f\u00f6rdern und dabei sich und anderen eine besondere Freude schenken \ud83d\udc9b<\/p>\n","protected":false},"author":1,"featured_media":0,"parent":0,"menu_order":1,"comment_status":"open","ping_status":"open","template":"","meta":{"_acf_changed":false,"footnotes":""},"class_list":["post-1","page","type-page","status-publish","hentry"],"acf":[],"_links":{"self":[{"href":"https:\/\/www.maskottchen.co.at\/index.php?rest_route=\/wp\/v2\/pages\/1","targetHints":{"allow":["GET"]}}],"collection":[{"href":"https:\/\/www.maskottchen.co.at\/index.php?rest_route=\/wp\/v2\/pages"}],"about":[{"href":"https:\/\/www.maskottchen.co.at\/index.php?rest_route=\/wp\/v2\/types\/page"}],"author":[{"embeddable":true,"href":"https:\/\/www.maskottchen.co.at\/index.php?rest_route=\/wp\/v2\/users\/1"}],"replies":[{"embeddable":true,"href":"https:\/\/www.maskottchen.co.at\/index.php?rest_route=%2Fwp%2Fv2%2Fcomments&post=1"}],"version-history":[{"count":52,"href":"https:\/\/www.maskottchen.co.at\/index.php?rest_route=\/wp\/v2\/pages\/1\/revisions"}],"predecessor-version":[{"id":9842,"href":"https:\/\/www.maskottchen.co.at\/index.php?rest_route=\/wp\/v2\/pages\/1\/revisions\/9842"}],"wp:attachment":[{"href":"https:\/\/www.maskottchen.co.at\/index.php?rest_route=%2Fwp%2Fv2%2Fmedia&parent=1"}],"curies":[{"name":"wp","href":"https:\/\/api.w.org\/{rel}","templated":true}]}}